{"id":176,"date":"2021-04-12T18:02:11","date_gmt":"2021-04-12T17:02:11","guid":{"rendered":"https:\/\/mosel-lug.de\/?page_id=176"},"modified":"2021-04-12T18:06:53","modified_gmt":"2021-04-12T17:06:53","slug":"joerg-frings-fuerst","status":"publish","type":"page","link":"https:\/\/mosel-lug.de\/?page_id=176","title":{"rendered":"J\u00f6rg Frings-F\u00fcrst"},"content":{"rendered":"<p><img loading=\"lazy\" decoding=\"async\" class=\"wp-image-174 size-medium alignleft\" src=\"https:\/\/mosel-lug.de\/wp-content\/uploads\/2021\/04\/ich-0002-225x300.jpeg\" alt=\"J\u00f6rg Frings-F\u00fcrst\" width=\"225\" height=\"300\" srcset=\"https:\/\/mosel-lug.de\/wp-content\/uploads\/2021\/04\/ich-0002-225x300.jpeg 225w, https:\/\/mosel-lug.de\/wp-content\/uploads\/2021\/04\/ich-0002-768x1024.jpeg 768w, https:\/\/mosel-lug.de\/wp-content\/uploads\/2021\/04\/ich-0002-1152x1536.jpeg 1152w, https:\/\/mosel-lug.de\/wp-content\/uploads\/2021\/04\/ich-0002.jpeg 1200w\" sizes=\"auto, (max-width: 225px) 100vw, 225px\" \/>Hallo,<\/p>\n<p>&nbsp;<\/p>\n<p>mein Name ist J\u00f6rg Frings-F\u00fcrst und ich komme aus <a href=\"https:\/\/de.wikipedia.org\/wiki\/Lieser_(Gemeinde)\">Lieser an der Mosel<\/a>.<\/p>\n<p>Seit meinem Studium auf dem zweiten Bildungsweg bin ich ein eingefleischter <a href=\"https:\/\/de.wikipedia.org\/wiki\/Unix\">Unix<\/a> \/ <a href=\"https:\/\/de.wikipedia.org\/wiki\/Linux\">Linux<\/a> Fan.<\/p>\n<p>Im Jahr 2009 konnte ich mein Hobby zum Beruf machen. Heute bin ich bei der Firma <a href=\"https:\/\/snct-gmbh.de\">SNCT GmbH<\/a> angestellt und dort f\u00fcr die Weiterentwicklung unserer Telekommunikationssoftware und f\u00fcr den Datenschutz zust\u00e4ndig.<\/p>\n<p>Aber nicht nur beruflich arbeite ich mit Linux, ehrenamtlich betreue ich einige <a href=\"http:\/\/qa.debian.org\/developer.php?login=debian@jff.email\">Pakete<\/a> f\u00fcr <a href=\"https:\/\/debian.org\">Debian<\/a>.<\/p>\n<p>Meine Freizeit verbringe ich gerne mit meiner Liebsten und in unserem Garten.<\/p>\n<p>Mein gr\u00f6\u00dfter Traum ist ein Segelt\u00f6rn rund um Neuseeland. Ich hoffe, dass der T\u00f6rn im Jahr 2023 oder 2024 stattfinden kann.<\/p>\n","protected":false},"excerpt":{"rendered":"<p>Hallo, &nbsp; mein Name ist J\u00f6rg Frings-F\u00fcrst und ich komme aus Lieser an der Mosel. Seit meinem Studium auf dem zweiten Bildungsweg bin ich ein eingefleischter Unix \/ Linux Fan. Im Jahr 2009 konnte ich mein Hobby zum Beruf machen. Heute bin ich bei der Firma SNCT GmbH angestellt und dort f\u00fcr die Weiterentwicklung unserer [&hellip;]<\/p>\n","protected":false},"author":1,"featured_media":0,"parent":0,"menu_order":0,"comment_status":"closed","ping_status":"closed","template":"","meta":{"footnotes":""},"class_list":["post-176","page","type-page","status-publish","hentry"],"_links":{"self":[{"href":"https:\/\/mosel-lug.de\/index.php?rest_route=\/wp\/v2\/pages\/176","targetHints":{"allow":["GET"]}}],"collection":[{"href":"https:\/\/mosel-lug.de\/index.php?rest_route=\/wp\/v2\/pages"}],"about":[{"href":"https:\/\/mosel-lug.de\/index.php?rest_route=\/wp\/v2\/types\/page"}],"author":[{"embeddable":true,"href":"https:\/\/mosel-lug.de\/index.php?rest_route=\/wp\/v2\/users\/1"}],"replies":[{"embeddable":true,"href":"https:\/\/mosel-lug.de\/index.php?rest_route=%2Fwp%2Fv2%2Fcomments&post=176"}],"version-history":[{"count":7,"href":"https:\/\/mosel-lug.de\/index.php?rest_route=\/wp\/v2\/pages\/176\/revisions"}],"predecessor-version":[{"id":189,"href":"https:\/\/mosel-lug.de\/index.php?rest_route=\/wp\/v2\/pages\/176\/revisions\/189"}],"wp:attachment":[{"href":"https:\/\/mosel-lug.de\/index.php?rest_route=%2Fwp%2Fv2%2Fmedia&parent=176"}],"curies":[{"name":"wp","href":"https:\/\/api.w.org\/{rel}","templated":true}]}}