{"id":18,"date":"2019-06-26T09:23:08","date_gmt":"2019-06-26T09:23:08","guid":{"rendered":"https:\/\/demosktthemes.com\/completefree\/?page_id=18"},"modified":"2021-04-28T16:58:25","modified_gmt":"2021-04-28T15:58:25","slug":"blog-2","status":"publish","type":"page","link":"https:\/\/mosel-lug.de\/?page_id=18","title":{"rendered":"Blog"},"content":{"rendered":"<ul class=\"display-posts-listing\"><li class=\"listing-item\"><a class=\"title\" href=\"https:\/\/mosel-lug.de\/?p=255\">Serverumzug<\/a> <span class=\"date\">13.01.2023<\/span> <span class=\"excerpt-dash\">-<\/span> <span class=\"excerpt\">Hallo, heute ist die Website auf einen neuen Server mit einem aktuellem Betriebssystem umgezogen. Der alte kann jetzt nach 8 Jahren Dauerbetrieb in den Ruhestand gehen. Leider unterst\u00fctzt ISPConfig mailman3 noch nicht. Wir arbeiten an einer Ersatzl\u00f6sung.<\/span><\/li><li class=\"listing-item\"><a class=\"title\" href=\"https:\/\/mosel-lug.de\/?p=220\">Banana Pi BPI-R64<\/a> <span class=\"date\">29.04.2021<\/span> <span class=\"excerpt-dash\">-<\/span> <span class=\"excerpt\">Der erste Teil zum Banana Pi BPI-R64 ist online. &nbsp;<\/span><\/li><li class=\"listing-item\"><a class=\"title\" href=\"https:\/\/mosel-lug.de\/?p=203\">Schneifeltux Gruppentreffen 06. Mai 2021<\/a> <span class=\"date\">28.04.2021<\/span> <span class=\"excerpt-dash\">-<\/span> <span class=\"excerpt\">Am\u00a0Donnerstag, 06.05.2021\u00a0ab 19:00 Uhr findet das Gruppentreffen der Schneifeltuxe online statt. Alle Infos findet Ihr hier.<\/span><\/li><li class=\"listing-item\"><a class=\"title\" href=\"https:\/\/mosel-lug.de\/?p=193\">Workshop zu Tracking-Methoden im Web<\/a> <span class=\"date\">22.04.2021<\/span> <span class=\"excerpt-dash\">-<\/span> <span class=\"excerpt\">Am 25.05.2021 um 19 Uhr findet ein Workshop zu Thema Tracking-Methoden im Web und welche M\u00f6glichkeiten man als Nutzer hat, diese einzuschr\u00e4nken oder g\u00e4nzlich zu unterbinden. Der Workshop wird von dem Erfa-Kreis (Erfahrungsaustauschkreis) des Chaos Computer Clubs in Essen veranstalltet.<\/span><\/li><li class=\"listing-item\"><a class=\"title\" href=\"https:\/\/mosel-lug.de\/?p=106\">Maillingliste ist online<\/a> <span class=\"date\">04.04.2021<\/span> <span class=\"excerpt-dash\">-<\/span> <span class=\"excerpt\">Die Mosel-LUG Maillingliste ist online.<\/span><\/li><\/ul>\n","protected":false},"excerpt":{"rendered":"","protected":false},"author":1,"featured_media":0,"parent":0,"menu_order":0,"comment_status":"closed","ping_status":"closed","template":"","meta":{"footnotes":""},"class_list":["post-18","page","type-page","status-publish","hentry"],"_links":{"self":[{"href":"https:\/\/mosel-lug.de\/index.php?rest_route=\/wp\/v2\/pages\/18","targetHints":{"allow":["GET"]}}],"collection":[{"href":"https:\/\/mosel-lug.de\/index.php?rest_route=\/wp\/v2\/pages"}],"about":[{"href":"https:\/\/mosel-lug.de\/index.php?rest_route=\/wp\/v2\/types\/page"}],"author":[{"embeddable":true,"href":"https:\/\/mosel-lug.de\/index.php?rest_route=\/wp\/v2\/users\/1"}],"replies":[{"embeddable":true,"href":"https:\/\/mosel-lug.de\/index.php?rest_route=%2Fwp%2Fv2%2Fcomments&post=18"}],"version-history":[{"count":3,"href":"https:\/\/mosel-lug.de\/index.php?rest_route=\/wp\/v2\/pages\/18\/revisions"}],"predecessor-version":[{"id":217,"href":"https:\/\/mosel-lug.de\/index.php?rest_route=\/wp\/v2\/pages\/18\/revisions\/217"}],"wp:attachment":[{"href":"https:\/\/mosel-lug.de\/index.php?rest_route=%2Fwp%2Fv2%2Fmedia&parent=18"}],"curies":[{"name":"wp","href":"https:\/\/api.w.org\/{rel}","templated":true}]}}