{"id":2,"date":"2021-04-04T13:37:10","date_gmt":"2021-04-04T13:37:10","guid":{"rendered":"https:\/\/mosel-lug.de\/?page_id=2"},"modified":"2021-04-07T20:30:57","modified_gmt":"2021-04-07T19:30:57","slug":"sample-page","status":"publish","type":"page","link":"https:\/\/mosel-lug.de\/","title":{"rendered":"Startseite"},"content":{"rendered":"\r\n<p class=\"has-medium-font-size\">Hallo,<br \/><br \/>hier entsteht die Homepage der Eifel Mosel Hunsr\u00fcck Linux User Group. <br \/><br \/>Die TrierLUG ist jetzt seit einiger Zeit nicht mehr aktiv. Wir haben uns daher \u00fcberlegt eine neue LUG zu gr\u00fcnden. Es soll eine lockere Gemeinschaft zum Gedankenaustausch zu allen Computerthemen, besonders aber zu Linux sein.<\/p>\r\n\r\n\r\n\r\n<p>&nbsp;<\/p>\r\n<p class=\"has-medium-font-size\">Bei Interesse meldet Euch einfach unter <a href=\"mailto:info@mosel-lug.de\">info@mosel-lug.de<\/a>.<\/p>\r\n","protected":false},"excerpt":{"rendered":"<p>Hallo, hier entsteht die Homepage der Eifel Mosel Hunsr\u00fcck Linux User Group. Die TrierLUG ist jetzt seit einiger Zeit nicht mehr aktiv. Wir haben uns daher \u00fcberlegt eine neue LUG zu gr\u00fcnden. Es soll eine lockere Gemeinschaft zum Gedankenaustausch zu allen Computerthemen, besonders aber zu Linux sein. &nbsp; Bei Interesse meldet Euch einfach unter info@mosel-lug.de.<\/p>\n","protected":false},"author":1,"featured_media":0,"parent":0,"menu_order":0,"comment_status":"closed","ping_status":"open","template":"","meta":{"footnotes":""},"class_list":["post-2","page","type-page","status-publish","hentry"],"_links":{"self":[{"href":"https:\/\/mosel-lug.de\/index.php?rest_route=\/wp\/v2\/pages\/2","targetHints":{"allow":["GET"]}}],"collection":[{"href":"https:\/\/mosel-lug.de\/index.php?rest_route=\/wp\/v2\/pages"}],"about":[{"href":"https:\/\/mosel-lug.de\/index.php?rest_route=\/wp\/v2\/types\/page"}],"author":[{"embeddable":true,"href":"https:\/\/mosel-lug.de\/index.php?rest_route=\/wp\/v2\/users\/1"}],"replies":[{"embeddable":true,"href":"https:\/\/mosel-lug.de\/index.php?rest_route=%2Fwp%2Fv2%2Fcomments&post=2"}],"version-history":[{"count":3,"href":"https:\/\/mosel-lug.de\/index.php?rest_route=\/wp\/v2\/pages\/2\/revisions"}],"predecessor-version":[{"id":144,"href":"https:\/\/mosel-lug.de\/index.php?rest_route=\/wp\/v2\/pages\/2\/revisions\/144"}],"wp:attachment":[{"href":"https:\/\/mosel-lug.de\/index.php?rest_route=%2Fwp%2Fv2%2Fmedia&parent=2"}],"curies":[{"name":"wp","href":"https:\/\/api.w.org\/{rel}","templated":true}]}}